{"id":999,"date":"2019-12-21T13:01:59","date_gmt":"2019-12-21T12:01:59","guid":{"rendered":"https:\/\/www.simenfalvyagota.hu\/?page_id=999"},"modified":"2019-12-21T18:08:41","modified_gmt":"2019-12-21T17:08:41","slug":"szerepek","status":"publish","type":"page","link":"https:\/\/www.simenfalvyagota.hu\/?page_id=999","title":{"rendered":"Szerepek"},"content":{"rendered":"\n<h2 class=\"wp-block-heading\"><strong>Sz\u00ednh\u00e1zi szerepek<\/strong><\/h2>\n\n\n\n<p style=\"text-align: justify;\"><strong>2019<\/strong><br>A Sz\u00e9ps\u00e9g \u00e9s a Sz\u00f6rnyeteg \u2013 Kannamama, Budapesti Operettsz\u00ednh\u00e1z<br>Cs\u00e1rd\u00e1skir\u00e1lyn\u0151 \u2013 Anhilte, Budapesti Operettsz\u00ednh\u00e1z<br>Twist Oliv\u00e9r \u2013 Nancy, Bart\u00f3k Kamarasz\u00ednh\u00e1z \u00e9s M\u0171v\u00e9szetek H\u00e1za, Duna\u00fajv\u00e1ros<\/p>\n<p style=\"text-align: justify;\"><strong>2018<\/strong><br>Istv\u00e1n a kir\u00e1ly \u2013 Sarolt, Budapesti Operettsz\u00ednh\u00e1z<\/p>\n<p style=\"text-align: justify;\"><strong>2017<\/strong> <br>Luxemburg Gr\u00f3fja \u2013 B\u00edr\u00f3n\u0151, Budapesti Operettsz\u00ednh\u00e1z<br>Mikrokozmosz \u2013 L\u00e1ny, Bart\u00f3k Kamarasz\u00ednh\u00e1z \u00e9s M\u0171v\u00e9szetek H\u00e1za, Duna\u00fajv\u00e1ros<\/p>\n<p style=\"text-align: justify;\"><strong>2016<br><\/strong>Erdei Kalamajka \u2013 Az erd\u0151 boszork\u00e1nya, Budapesti Operettsz\u00ednh\u00e1z<br>Marie Antoinette \u2013 Madame Lamballe, Budapesti Operettsz\u00ednh\u00e1z<\/p>\n<p style=\"text-align: justify;\"><strong>2015<\/strong><br>R\u00f3me\u00f3 \u00e9s J\u00falia \u2013 Montague-n\u00e9, Budapesti Operettsz\u00ednh\u00e1z<\/p>\n<p style=\"text-align: justify;\"><strong>2014<\/strong><br>Die Sch\u00f6ne und das Biest \u2013 Madame Pottine \u2013 n\u00e9met nyelven, BB Promotion<br>Die Sch\u00f6ne und das Biest \u2013 Madame De la Grande Bouche \u2013 n\u00e9met nyelven, BB Promotion<\/p>\n<p style=\"text-align: justify;\"><strong>2013<\/strong><br>Ghost \u2013 Rosa Santiago, Budapesti Operettsz\u00ednh\u00e1z<br>\u00d6rd\u00f6g\u00f6l\u0151 J\u00f3zsi\u00e1s \u2013 Matuzsa, t\u00fcnd\u00e9rhoni b\u00f6lcs, Budapesti Operettsz\u00ednh\u00e1z<br>Cirkusz az \u00e9jszak\u00e1ban \u2013 Narr\u00e1tor, \u00e9nek, Recirquel \u00dajcirkusz T\u00e1rsulat, M\u0171v\u00e9szetek Palot\u00e1ja Budapest<\/p>\n<p style=\"text-align: justify;\"><strong>2012<\/strong><br>Kauk\u00e1zusi Kr\u00e9tak\u00f6r \u2013 Natella Abasvili, Budapesti Operettsz\u00ednh\u00e1z<br>Lili B\u00e1r\u00f3n\u0151 \u2013 Ill\u00e9sh\u00e1zy Krisztina gr\u00f3fn\u0151, Budapesti Operettsz\u00ednh\u00e1z<\/p>\n<p style=\"text-align: justify;\"><strong>2010<\/strong><br>Koldusopera \u2013 Peachumn\u00e9, Th\u00e1lia Sz\u00ednh\u00e1z<br>Radames &#8211; Filmrendez\u0151, Operah\u00e1z, Pr\u00f3baterem<\/p>\n<p style=\"text-align: justify;\"><strong>2009<\/strong><br>Musicalmes\u00e9k \u2013 T\u00fcnd\u00e9r, Budapesti Operettsz\u00ednh\u00e1z<\/p>\n<p style=\"text-align: justify;\"><strong>2008<\/strong><br>Ibus\u00e1r \u2013 Jol\u00e1n, Budapesti Operettsz\u00ednh\u00e1z<br>Abig\u00e9l \u2013 Horn Mici, Th\u00e1lia Sz\u00ednh\u00e1z<\/p>\n<p style=\"text-align: justify;\"><strong>2007<\/strong><br>R\u00f3me\u00f3 \u00e9s J\u00falia \u2013 Capuletn\u00e9, Budapesti Operettsz\u00ednh\u00e1z<br>Rudolf \u2013 Larisch gr\u00f3fn\u0151, Budapesti Operettsz\u00ednh\u00e1z<\/p>\n<p style=\"text-align: justify;\"><strong>2006<\/strong><br>Menyasszonyt\u00e1nc \u2013 R\u00f3zsi, Budapesti Operettsz\u00ednh\u00e1z<br>S\u00f3 \u00e9s Cukor \u2013 N\u0151, Merlin Sz\u00ednh\u00e1z<\/p>\n<p style=\"text-align: justify;\"><strong>2005<\/strong><br>A Sz\u00e9ps\u00e9g \u00e9s a Sz\u00f6rnyeteg \u2013 Kom\u00f3d, Budapesti Operettsz\u00ednh\u00e1z<\/p>\n<p style=\"text-align: justify;\"><strong>2004<\/strong><br>B\u00e1l a Savoyban \u2013 Daisy, Budapesti Operettsz\u00ednh\u00e1z<\/p>\n<p style=\"text-align: justify;\"><strong>2003<\/strong><br>Mozart! \u2013 Constanze, Budapesti Operettsz\u00ednh\u00e1z<br>N\u00e9zz vissza haraggal \u2013 Helena, Th\u00e1lia Sz\u00ednh\u00e1z, St\u00fadi\u00f3<br>Sweet Charity \u2013 Charity, Budapesti Operettsz\u00ednh\u00e1z<br>West Side Story \u2013 Anita, Szegedi Nemzeti Sz\u00ednh\u00e1z<\/p>\n<p style=\"text-align: justify;\"><strong>2002<\/strong><br>Cabaret \u2013 Cost kisasszony, Budapesti Operettsz\u00ednh\u00e1z<br>Lili B\u00e1r\u00f3n\u0151 \u2013 Clarisse, Soproni Pet\u0151fi Sz\u00ednh\u00e1z<br>G\u00f3lem \u2013 Mirjam, Budapesti Operettsz\u00ednh\u00e1z<br>West Side Story \u2013 Anita, Th\u00e1lia Sz\u00ednh\u00e1z<\/p>\n<p style=\"text-align: justify;\"><strong>2001<\/strong><br>A muzsika hangja \u2013 M\u00e1ria, Budapesti Operettsz\u00ednh\u00e1z<\/p>\n<p style=\"text-align: justify;\"><strong>2000<\/strong><br>Egy kis \u00e9ji zene \u2013 Charlotte, \u00d3dry Sz\u00ednpad, egyetemi vizsgael\u0151ad\u00e1s<br>West Side Story \u2013 Anita, P\u00e9csi Nemzeti Sz\u00ednh\u00e1z<\/p>\n\n\n\n<h2 class=\"wp-block-heading\"><strong>Filmszerepek<\/strong><\/h2>\n\n\n<p><strong>2004<\/strong><br>28% &#8211; N\u0151<\/p>\n<p><strong>2003<\/strong><br>Libiomfi &#8211; \u00e9nek<\/p>\n<p><strong>2002<\/strong><br>Szentiv\u00e1n napja &#8211; Doktorn\u0151<\/p>\n\n\n<h2 class=\"wp-block-heading\"><strong>Telev\u00edzi\u00f3s szerepek<\/strong><\/h2>\n\n\n<p><strong>2007 &#8211; 2008<\/strong><br>\u201cM.O.M. Musical Operett Magazin\u201d \u2013 MTV kultur\u00e1lis aj\u00e1nl\u00f3m\u0171sor m\u0171sorvezet\u0151<\/p>\n<p><strong>2003 \u2013 2006<\/strong><br>\u201cJ\u00f3ban-rosszban\u201d \u2013 TV2 napi sorozat: Ir\u00e9n, altat\u00f3orvos<\/p>\n<p><strong>2003 \u2013 2004<\/strong><br>\u201cDalnokok lig\u00e1ja\u201d \u2013 TV2 zen\u00e9s vet\u00e9lked\u0151<br>Operett Angyalai form\u00e1ci\u00f3 alap\u00edt\u00f3 tagja<\/p>\n\n\n<h2 class=\"wp-block-heading\"><strong>Sz\u00f3l\u00f3koncertek<\/strong><\/h2>\n\n\n<p style=\"text-align: justify;\"><strong>2012<\/strong><br>\u201eJ\u00f3 est\u00e9t Ny\u00e1r\u201d \u2013 sz\u00f3l\u00f3koncert, Millen\u00e1ris Park<\/p>\n<p style=\"text-align: justify;\"><strong>2011<\/strong><br>&#8222;K\u00f6zel a Naphoz&#8221; \u2013 lemezbemutat\u00f3 koncert, Szikra Cool Tour House<\/p>\n\n\n<h2 class=\"wp-block-heading\"><strong>CD-k<\/strong><\/h2>\n\n\n<p><strong>2019<\/strong><br>\u201eTwist Oliv\u00e9r\u201d \u2013 Musical, Bart\u00f3k Sz\u00ednh\u00e1z<\/p>\n<p><strong>2013<\/strong><br>\u201eMusicalmes\u00e9k 2.\u201d \u2013 Pentaton Kiad\u00f3<\/p>\n<p><strong>2012<\/strong><br>\u201eK\u00f6zel a naphoz\u201d remix, mag\u00e1nkiad\u00e1s<br>\u201eCsak neked\u201d \u2013 kislemez, mag\u00e1nkiad\u00e1s<\/p>\n<p><strong>2010<\/strong><br>\u201e\u00c9bred valami a sz\u00edvemben\u201d \u2013 Sz\u00f3l\u00f3 album, Magneoton Kiad\u00f3<\/p>\n<p><strong>2008<\/strong><br>\u201e\u00d6r\u00f6kre sz\u00e9pek \u2013 Mese \u00e9s rajzfilmsl\u00e1gerek\u201d \u2013 Magneoton Kiad\u00f3<\/p>\n<p><strong>2006<\/strong><br>\u201eMenyasszonyt\u00e1nc\u201d \u2013 Klezmer Musical, Pentaton Kiad\u00f3<\/p>\n<p><strong>2005<\/strong><br>\u201eA Sz\u00e9ps\u00e9g \u00e9s a Sz\u00f6rnyeteg\u201d \u2013 F\u0151c\u00edmdal, Magneoton Kiad\u00f3<br>\u201eMindhal\u00e1lig Musical\u201d \u2013 Musical v\u00e1logat\u00e1s, Pentaton Kiad\u00f3<\/p>\n<p><strong>2001<\/strong><br>\u201eLa Mancha Lovagja\u201d &#8211; Vox Artis<\/p>\n\n\n<h2 class=\"wp-block-heading\"><strong>D\u00edjak<\/strong><\/h2>\n\n\n\n<p style=\"text-align: justify;\"><strong>2006<\/strong><br>\u201cS\u00fag\u00f3 Csiga D\u00edj\u201d \u2013 k\u00f6z\u00f6ns\u00e9gd\u00edj<br><br><strong>2004<\/strong><br>\u201cB\u00e1rsony R\u00f3zsi Eml\u00e9kgy\u0171r\u0171\u201d \u2013 A Budapesti Operettsz\u00ednh\u00e1z d\u00edja az \u00e9v szubrettj\u00e9nek<\/p>\n","protected":false},"excerpt":{"rendered":"<p>Sz\u00ednh\u00e1zi szerepek 2019A Sz\u00e9ps\u00e9g \u00e9s a Sz\u00f6rnyeteg \u2013 Kannamama, Budapesti Operettsz\u00ednh\u00e1zCs\u00e1rd\u00e1skir\u00e1lyn\u0151 \u2013 Anhilte, Budapesti Operettsz\u00ednh\u00e1zTwist Oliv\u00e9r \u2013 Nancy, Bart\u00f3k Kamarasz\u00ednh\u00e1z \u00e9s M\u0171v\u00e9szetek H\u00e1za, Duna\u00fajv\u00e1ros 2018Istv\u00e1n a kir\u00e1ly \u2013 Sarolt, Budapesti Operettsz\u00ednh\u00e1z 2017 Luxemburg Gr\u00f3fja \u2013 B\u00edr\u00f3n\u0151, Budapesti Operettsz\u00ednh\u00e1zMikrokozmosz \u2013 L\u00e1ny, Bart\u00f3k Kamarasz\u00ednh\u00e1z \u00e9s M\u0171v\u00e9szetek H\u00e1za, Duna\u00fajv\u00e1ros 2016Erdei Kalamajka \u2013 Az erd\u0151 boszork\u00e1nya, Budapesti Operettsz\u00ednh\u00e1zMarie Antoinette &hellip; <\/p>\n<p class=\"link-more\"><a href=\"https:\/\/www.simenfalvyagota.hu\/?page_id=999\" class=\"more-link\"><span class=\"screen-reader-text\">&#8222;Szerepek&#8221;<\/span> b\u0151vebben<\/a><\/p>\n","protected":false},"author":2,"featured_media":0,"parent":0,"menu_order":0,"comment_status":"closed","ping_status":"closed","template":"","meta":{"ngg_post_thumbnail":0,"footnotes":""},"_links":{"self":[{"href":"https:\/\/www.simenfalvyagota.hu\/index.php?rest_route=\/wp\/v2\/pages\/999"}],"collection":[{"href":"https:\/\/www.simenfalvyagota.hu\/index.php?rest_route=\/wp\/v2\/pages"}],"about":[{"href":"https:\/\/www.simenfalvyagota.hu\/index.php?rest_route=\/wp\/v2\/types\/page"}],"author":[{"embeddable":true,"href":"https:\/\/www.simenfalvyagota.hu\/index.php?rest_route=\/wp\/v2\/users\/2"}],"replies":[{"embeddable":true,"href":"https:\/\/www.simenfalvyagota.hu\/index.php?rest_route=%2Fwp%2Fv2%2Fcomments&post=999"}],"version-history":[{"count":31,"href":"https:\/\/www.simenfalvyagota.hu\/index.php?rest_route=\/wp\/v2\/pages\/999\/revisions"}],"predecessor-version":[{"id":1139,"href":"https:\/\/www.simenfalvyagota.hu\/index.php?rest_route=\/wp\/v2\/pages\/999\/revisions\/1139"}],"wp:attachment":[{"href":"https:\/\/www.simenfalvyagota.hu\/index.php?rest_route=%2Fwp%2Fv2%2Fmedia&parent=999"}],"curies":[{"name":"wp","href":"https:\/\/api.w.org\/{rel}","templated":true}]}}