{"id":984,"date":"2019-12-21T12:29:38","date_gmt":"2019-12-21T11:29:38","guid":{"rendered":"https:\/\/www.simenfalvyagota.hu\/?page_id=984"},"modified":"2019-12-21T18:04:36","modified_gmt":"2019-12-21T17:04:36","slug":"eletrajz","status":"publish","type":"page","link":"https:\/\/www.simenfalvyagota.hu\/?page_id=984","title":{"rendered":"\u00c9letrajz"},"content":{"rendered":"\n<h2 class=\"wp-block-heading\"><strong>Sim\u00e9nfalvy \u00c1gota sz\u00ednm\u0171v\u00e9sz, \u00e9nekesn\u0151<\/strong><\/h2>\n\n\n\n<p style=\"text-align: justify;\">Sz\u00edn\u00e9szdinaszti\u00e1b\u00f3l sz\u00e1rmazik, \u00e9desapja \u00e9s apai nagyapja, valamint annak testv\u00e9rei szint\u00e9n sz\u00ednm\u0171v\u00e9szek voltak.<\/p>\n<p style=\"text-align: justify;\">Gyermekkora \u00f3ta a zene, az \u00e9nekl\u00e9s, a sz\u00ednpad hat\u00e1rozza meg az \u00e9let\u00e9t.<\/p>\n<p style=\"text-align: justify;\">A klasszikus zen\u00e9t\u0151l a n\u00e9pzen\u00e9n \u00e1t, a musicalek, a klezmer, a sanzonok \u00e9s a popzene vil\u00e1g\u00e1ig sz\u00e1mos m\u0171fajban otthon van.<\/p>\n<p style=\"text-align: justify;\" align=\"left\"><span style=\"font-family: Arial, sans-serif;\"><span style=\"font-size: medium;\">Zen\u00e9s sz\u00ednh\u00e1zi munk\u00e1i sor\u00e1n gyakran tal\u00e1lj\u00e1k meg az er\u0151s karakter\u0171, n\u0151i sorsokat bemutat\u00f3 szerepek.<\/span><\/span><\/p>\n\n\n\n<h2 class=\"wp-block-heading\"><strong>Tanulm\u00e1nyok<\/strong><\/h2>\n\n\n\n<p><strong>1997 \u2013 2001<br>Sz\u00ednh\u00e1z- \u00e9s Filmm\u0171v\u00e9szeti Egyetem, Operett \u2013 Musical szak<\/strong><br>(Oszt\u00e1lyf\u0151n\u00f6k: Szirtes Tam\u00e1s, L\u00e9ner P\u00e9ter)<\/p>\n<p><strong>1994 \u2013 1995<br>Pincesz\u00ednh\u00e1z St\u00fadi\u00f3<\/strong><\/p>\n<p><strong>1995 \u2013 1997<br>Budapesti Operettsz\u00ednh\u00e1z St\u00fadi\u00f3<\/strong><\/p>\n<p><strong>1990 \u2013 1994<br>V\u00e1rosmajori Gimn\u00e1zium, zenei tagozat<\/strong><br>\u201cAngelica Le\u00e1nykar\u201d (Karnagy: Gr\u00e1f Zsuzsanna)<\/p>\n<p><strong>1983 \u2013 1985<br>Gutenberg Gyermeksz\u00ednh\u00e1z \u2013 gyereksz\u00edn\u00e9sz<\/strong><\/p>\n<p><strong>1984 \u2013 1994<br><\/strong><strong>Zongora mag\u00e1n\u00f3r\u00e1k<\/strong><br>(Zongoratan\u00e1r: Szir\u00e1nyi J\u00e1nos \u2013 Magyar R\u00e1di\u00f3)<\/p>\n<p><strong>1984 \u2013 1990<br>Balett, jazz-balett, step- \u00e9s sz\u00ednpadi t\u00e1nck\u00e9pz\u00e9s<\/strong><br>(Mestern\u0151: Igaz Lucy)<\/p>\n<p><strong>1982 \u2013 1990<br>A Magyar R\u00e1di\u00f3 Gyerekk\u00f3rusa<\/strong><br>(Karnagy: Rem\u00e9nyi J\u00e1nos, Th\u00e9sz Gabriella, Ig\u00f3 Lenke)<\/p>\n\n\n\n<h2 class=\"wp-block-heading\"><strong>A Sim\u00e9nfalvy sz\u00edn\u00e9szdinasztia<\/strong><\/h2>\n\n\n\n<p style=\"text-align: justify;\">\u00c9desapja, <strong>Sim\u00e9nfalvy Lajos<\/strong> (Matty, Baranya vm., 1927.08.12. \u2013 Budapest, 2005.05.15.) sz\u00ednm\u0171v\u00e9sz.<br>Apai nagyapja <strong>id\u0151sebb Sim\u00e9nfalvy Lajos<\/strong> \u00e9s testv\u00e9rei <strong>Sim\u00e9nfalvy S\u00e1ndor<\/strong> (Szenice, Nyitra vm, ma: Senica 1892.07.09. \u2013 Budapest, 1988.12.26.) sz\u00ednm\u0171v\u00e9sz \u00e9s <strong>Sim\u00e9nfalvy Ida<\/strong> (1890-1969) sz\u00ednm\u0171v\u00e9sz.<\/p>\n","protected":false},"excerpt":{"rendered":"<p>Sim\u00e9nfalvy \u00c1gota sz\u00ednm\u0171v\u00e9sz, \u00e9nekesn\u0151 Sz\u00edn\u00e9szdinaszti\u00e1b\u00f3l sz\u00e1rmazik, \u00e9desapja \u00e9s apai nagyapja, valamint annak testv\u00e9rei szint\u00e9n sz\u00ednm\u0171v\u00e9szek voltak. Gyermekkora \u00f3ta a zene, az \u00e9nekl\u00e9s, a sz\u00ednpad hat\u00e1rozza meg az \u00e9let\u00e9t. A klasszikus zen\u00e9t\u0151l a n\u00e9pzen\u00e9n \u00e1t, a musicalek, a klezmer, a sanzonok \u00e9s a popzene vil\u00e1g\u00e1ig sz\u00e1mos m\u0171fajban otthon van. Zen\u00e9s sz\u00ednh\u00e1zi munk\u00e1i sor\u00e1n gyakran tal\u00e1lj\u00e1k meg &hellip; <\/p>\n<p class=\"link-more\"><a href=\"https:\/\/www.simenfalvyagota.hu\/?page_id=984\" class=\"more-link\"><span class=\"screen-reader-text\">&#8222;\u00c9letrajz&#8221;<\/span> b\u0151vebben<\/a><\/p>\n","protected":false},"author":2,"featured_media":0,"parent":0,"menu_order":0,"comment_status":"closed","ping_status":"closed","template":"","meta":{"ngg_post_thumbnail":0,"footnotes":""},"_links":{"self":[{"href":"https:\/\/www.simenfalvyagota.hu\/index.php?rest_route=\/wp\/v2\/pages\/984"}],"collection":[{"href":"https:\/\/www.simenfalvyagota.hu\/index.php?rest_route=\/wp\/v2\/pages"}],"about":[{"href":"https:\/\/www.simenfalvyagota.hu\/index.php?rest_route=\/wp\/v2\/types\/page"}],"author":[{"embeddable":true,"href":"https:\/\/www.simenfalvyagota.hu\/index.php?rest_route=\/wp\/v2\/users\/2"}],"replies":[{"embeddable":true,"href":"https:\/\/www.simenfalvyagota.hu\/index.php?rest_route=%2Fwp%2Fv2%2Fcomments&post=984"}],"version-history":[{"count":15,"href":"https:\/\/www.simenfalvyagota.hu\/index.php?rest_route=\/wp\/v2\/pages\/984\/revisions"}],"predecessor-version":[{"id":1137,"href":"https:\/\/www.simenfalvyagota.hu\/index.php?rest_route=\/wp\/v2\/pages\/984\/revisions\/1137"}],"wp:attachment":[{"href":"https:\/\/www.simenfalvyagota.hu\/index.php?rest_route=%2Fwp%2Fv2%2Fmedia&parent=984"}],"curies":[{"name":"wp","href":"https:\/\/api.w.org\/{rel}","templated":true}]}}