{"id":946,"date":"2019-12-21T11:29:03","date_gmt":"2019-12-21T10:29:03","guid":{"rendered":"https:\/\/www.simenfalvyagota.hu\/?page_id=946"},"modified":"2019-12-21T17:57:26","modified_gmt":"2019-12-21T16:57:26","slug":"fooldal","status":"publish","type":"page","link":"https:\/\/www.simenfalvyagota.hu\/","title":{"rendered":"F\u0151oldal"},"content":{"rendered":"\n<p>Sim\u00e9nfalvy \u00c1gota sz\u00ednm\u0171v\u00e9sz, \u00e9nekesn\u0151.<\/p>\n\n\n\n<p>Sz\u00edn\u00e9szdinaszti\u00e1b\u00f3l sz\u00e1rmazik, \u00e9desapja \u00e9s apai nagyapja, valamint annak testv\u00e9rei szint\u00e9n sz\u00ednm\u0171v\u00e9szek voltak.<\/p>\n\n\n\n<p>Gyermekkora \u00f3ta a zene, az \u00e9nekl\u00e9s, a sz\u00ednpad hat\u00e1rozza meg az \u00e9let\u00e9t.<\/p>\n\n\n\n<p>A\nklasszikus zen\u00e9t\u0151l a n\u00e9pzen\u00e9n \u00e1t, a musicalek, a klezmer, a\nsanzonok \u00e9s a popzene vil\u00e1g\u00e1ig sz\u00e1mos m\u0171fajban otthon van.<\/p>\n\n\n\n<p style=\"text-align: justify;\">Zen\u00e9s sz\u00ednh\u00e1zi munk\u00e1i sor\u00e1n gyakran tal\u00e1lj\u00e1k meg az er\u0151s karakter\u0171, n\u0151i sorsokat bemutat\u00f3 szerepek.<\/p>\n","protected":false},"excerpt":{"rendered":"<p>Sim\u00e9nfalvy \u00c1gota sz\u00ednm\u0171v\u00e9sz, \u00e9nekesn\u0151. Sz\u00edn\u00e9szdinaszti\u00e1b\u00f3l sz\u00e1rmazik, \u00e9desapja \u00e9s apai nagyapja, valamint annak testv\u00e9rei szint\u00e9n sz\u00ednm\u0171v\u00e9szek voltak. Gyermekkora \u00f3ta a zene, az \u00e9nekl\u00e9s, a sz\u00ednpad hat\u00e1rozza meg az \u00e9let\u00e9t. A klasszikus zen\u00e9t\u0151l a n\u00e9pzen\u00e9n \u00e1t, a musicalek, a klezmer, a sanzonok \u00e9s a popzene vil\u00e1g\u00e1ig sz\u00e1mos m\u0171fajban otthon van. Zen\u00e9s sz\u00ednh\u00e1zi munk\u00e1i sor\u00e1n gyakran tal\u00e1lj\u00e1k meg &hellip; <\/p>\n<p class=\"link-more\"><a href=\"https:\/\/www.simenfalvyagota.hu\/\" class=\"more-link\"><span class=\"screen-reader-text\">&#8222;F\u0151oldal&#8221;<\/span> b\u0151vebben<\/a><\/p>\n","protected":false},"author":2,"featured_media":0,"parent":0,"menu_order":0,"comment_status":"closed","ping_status":"closed","template":"","meta":{"ngg_post_thumbnail":0,"footnotes":""},"_links":{"self":[{"href":"https:\/\/www.simenfalvyagota.hu\/index.php?rest_route=\/wp\/v2\/pages\/946"}],"collection":[{"href":"https:\/\/www.simenfalvyagota.hu\/index.php?rest_route=\/wp\/v2\/pages"}],"about":[{"href":"https:\/\/www.simenfalvyagota.hu\/index.php?rest_route=\/wp\/v2\/types\/page"}],"author":[{"embeddable":true,"href":"https:\/\/www.simenfalvyagota.hu\/index.php?rest_route=\/wp\/v2\/users\/2"}],"replies":[{"embeddable":true,"href":"https:\/\/www.simenfalvyagota.hu\/index.php?rest_route=%2Fwp%2Fv2%2Fcomments&post=946"}],"version-history":[{"count":6,"href":"https:\/\/www.simenfalvyagota.hu\/index.php?rest_route=\/wp\/v2\/pages\/946\/revisions"}],"predecessor-version":[{"id":1121,"href":"https:\/\/www.simenfalvyagota.hu\/index.php?rest_route=\/wp\/v2\/pages\/946\/revisions\/1121"}],"wp:attachment":[{"href":"https:\/\/www.simenfalvyagota.hu\/index.php?rest_route=%2Fwp%2Fv2%2Fmedia&parent=946"}],"curies":[{"name":"wp","href":"https:\/\/api.w.org\/{rel}","templated":true}]}}