{"id":57,"date":"2011-09-25T15:30:40","date_gmt":"2011-09-25T15:30:40","guid":{"rendered":"https:\/\/www.simenfalvyagota.hu\/?page_id=57"},"modified":"2019-12-21T14:04:13","modified_gmt":"2019-12-21T13:04:13","slug":"kapcsolat","status":"publish","type":"page","link":"https:\/\/www.simenfalvyagota.hu\/?page_id=57","title":{"rendered":"Kapcsolat"},"content":{"rendered":"\n<h2 class=\"wp-block-heading\"><strong>Programszervez\u00e9s, inform\u00e1ci\u00f3<\/strong><\/h2>\n\n\n\n<p><strong>E-mail:<\/strong> info [kukac] simenfalvyagota [pont] hu<br><strong>Mobil:<\/strong> +36-70-249-4924, Vida Zolt\u00e1n programszervez\u0151<\/p>\n<p>&nbsp;<\/p>\n","protected":false},"excerpt":{"rendered":"<p>Programszervez\u00e9s, inform\u00e1ci\u00f3 E-mail: info [kukac] simenfalvyagota [pont] huMobil: +36-70-249-4924, Vida Zolt\u00e1n programszervez\u0151 &nbsp;<\/p>\n","protected":false},"author":2,"featured_media":0,"parent":0,"menu_order":16,"comment_status":"closed","ping_status":"closed","template":"","meta":{"ngg_post_thumbnail":0,"footnotes":""},"_links":{"self":[{"href":"https:\/\/www.simenfalvyagota.hu\/index.php?rest_route=\/wp\/v2\/pages\/57"}],"collection":[{"href":"https:\/\/www.simenfalvyagota.hu\/index.php?rest_route=\/wp\/v2\/pages"}],"about":[{"href":"https:\/\/www.simenfalvyagota.hu\/index.php?rest_route=\/wp\/v2\/types\/page"}],"author":[{"embeddable":true,"href":"https:\/\/www.simenfalvyagota.hu\/index.php?rest_route=\/wp\/v2\/users\/2"}],"replies":[{"embeddable":true,"href":"https:\/\/www.simenfalvyagota.hu\/index.php?rest_route=%2Fwp%2Fv2%2Fcomments&post=57"}],"version-history":[{"count":13,"href":"https:\/\/www.simenfalvyagota.hu\/index.php?rest_route=\/wp\/v2\/pages\/57\/revisions"}],"predecessor-version":[{"id":1026,"href":"https:\/\/www.simenfalvyagota.hu\/index.php?rest_route=\/wp\/v2\/pages\/57\/revisions\/1026"}],"wp:attachment":[{"href":"https:\/\/www.simenfalvyagota.hu\/index.php?rest_route=%2Fwp%2Fv2%2Fmedia&parent=57"}],"curies":[{"name":"wp","href":"https:\/\/api.w.org\/{rel}","templated":true}]}}